{"id":2558,"date":"2023-08-16T07:20:36","date_gmt":"2023-08-16T07:20:36","guid":{"rendered":"https:\/\/iril.com.tr\/?post_type=product&#038;p=2558"},"modified":"2024-10-21T17:07:47","modified_gmt":"2024-10-21T17:07:47","slug":"ir-il-005-euro-4-seramik","status":"publish","type":"product","link":"https:\/\/iril.com.tr\/index.php\/urun\/ir-il-005-euro-4-seramik\/","title":{"rendered":"\u0130R-\u0130L 005 EURO 4 SERAM\u0130K"},"content":{"rendered":"","protected":false},"excerpt":{"rendered":"<p>\u00dcniversal \u00fcr\u00fcn. bu kateg\u00f6rideki \u00fcr\u00fcnlerimiz her araca uyumludur. ancak arac\u0131n\u0131z\u0131n alt taban\u0131na montaj\u0131 daha uygun olmas\u0131 i\u00e7in farkl\u0131 \u00fcr\u00fcnler ortaya \u00e7\u0131km\u0131\u015ft\u0131r. her arac\u0131n kendine \u00f6zel druumu vard\u0131r.<\/p>\n","protected":false},"featured_media":1514,"comment_status":"open","ping_status":"closed","template":"","meta":{"_bbp_topic_count":0,"_bbp_reply_count":0,"_bbp_total_topic_count":0,"_bbp_total_reply_count":0,"_bbp_voice_count":0,"_bbp_anonymous_reply_count":0,"_bbp_topic_count_hidden":0,"_bbp_reply_count_hidden":0,"_bbp_forum_subforum_count":0},"product_cat":[58],"product_tag":[],"class_list":["post-2558","product","type-product","status-publish","has-post-thumbnail","hentry","product_cat-genel"],"jetpack-related-posts":[],"_links":{"self":[{"href":"https:\/\/iril.com.tr\/index.php\/wp-json\/wp\/v2\/product\/2558","targetHints":{"allow":["GET"]}}],"collection":[{"href":"https:\/\/iril.com.tr\/index.php\/wp-json\/wp\/v2\/product"}],"about":[{"href":"https:\/\/iril.com.tr\/index.php\/wp-json\/wp\/v2\/types\/product"}],"replies":[{"embeddable":true,"href":"https:\/\/iril.com.tr\/index.php\/wp-json\/wp\/v2\/comments?post=2558"}],"wp:featuredmedia":[{"embeddable":true,"href":"https:\/\/iril.com.tr\/index.php\/wp-json\/wp\/v2\/media\/1514"}],"wp:attachment":[{"href":"https:\/\/iril.com.tr\/index.php\/wp-json\/wp\/v2\/media?parent=2558"}],"wp:term":[{"taxonomy":"product_cat","embeddable":true,"href":"https:\/\/iril.com.tr\/index.php\/wp-json\/wp\/v2\/product_cat?post=2558"},{"taxonomy":"product_tag","embeddable":true,"href":"https:\/\/iril.com.tr\/index.php\/wp-json\/wp\/v2\/product_tag?post=2558"}],"curies":[{"name":"wp","href":"https:\/\/api.w.org\/{rel}","templated":true}]}}